{"id":932,"date":"2013-04-08T10:11:25","date_gmt":"2013-04-08T10:11:25","guid":{"rendered":"http:\/\/localhost\/wordpress\/medicenter\/?page_id=932"},"modified":"2024-08-01T19:33:41","modified_gmt":"2024-08-01T19:33:41","slug":"servicos","status":"publish","type":"page","link":"https:\/\/www.centromedicohba.com.br\/site\/servicos\/","title":{"rendered":"Servi\u00e7os"},"content":{"rendered":"<div class=\"vc_row wpb_row vc_row-fluid\"><div class=\"wpb_column vc_column_container vc_col-sm-12\"><div class=\"wpb_wrapper\"><div class=\"vc_empty_space\"  style=\"height: 32px\" ><span\n\t\tclass=\"vc_empty_space_inner\"><\/span><\/div>\n<\/div><\/div><\/div><div class=\"vc_row wpb_row vc_row-fluid\"><div class=\"wpb_column vc_column_container vc_col-sm-4\"><div class=\"wpb_wrapper\">\n\t<div class=\"wpb_single_image wpb_content_element vc_align_left\">\n\t\t<div class=\"wpb_wrapper\">\n\t\t\t\n\t\t\t<div class=\"vc_single_image-wrapper   vc_box_border_grey\"><img loading=\"lazy\" decoding=\"async\" class=\"vc_single_image-img \" src=\"https:\/\/www.centromedicohba.com.br\/site\/wp-content\/uploads\/2013\/04\/sem_imagem2.png\" width=\"251\" height=\"151\" alt=\"sem_imagem\" title=\"sem_imagem\" \/><\/div>\n\t\t<\/div>\n\t<\/div>\n\n\t<div class=\"wpb_text_column wpb_content_element \">\n\t\t<div class=\"wpb_wrapper\">\n\t\t\t<p><strong>Espa\u00e7o M\u00e9dico<\/strong><br \/>\nProdutos\u00a0M\u00e9dicos\/Hospitalares<br \/>\nTelefone:\u00a098317-3028<\/p>\n\n\t\t<\/div>\n\t<\/div>\n<\/div><\/div><div class=\"wpb_column vc_column_container vc_col-sm-4\"><div class=\"wpb_wrapper\">\n\t<div class=\"wpb_single_image wpb_content_element vc_align_left\">\n\t\t<div class=\"wpb_wrapper\">\n\t\t\t\n\t\t\t<div class=\"vc_single_image-wrapper   vc_box_border_grey\"><img loading=\"lazy\" decoding=\"async\" class=\"vc_single_image-img \" src=\"https:\/\/www.centromedicohba.com.br\/site\/wp-content\/uploads\/2013\/04\/servicos_fototica-200x151.png\" width=\"200\" height=\"151\" alt=\"servicos_fototica\" title=\"servicos_fototica\" \/><\/div>\n\t\t<\/div>\n\t<\/div>\n\n\t<div class=\"wpb_text_column wpb_content_element \">\n\t\t<div class=\"wpb_wrapper\">\n\t\t\t<p><strong>Fot\u00f3tica<\/strong><br \/>\n\u00d3tica<br \/>\nTelefone: 3451-6040<\/p>\n\n\t\t<\/div>\n\t<\/div>\n<\/div><\/div><div class=\"wpb_column vc_column_container vc_col-sm-4\"><div class=\"wpb_wrapper\">\n\t<div class=\"wpb_single_image wpb_content_element vc_align_left\">\n\t\t<div class=\"wpb_wrapper\">\n\t\t\t\n\t\t\t<div class=\"vc_single_image-wrapper   vc_box_border_grey\"><img loading=\"lazy\" decoding=\"async\" class=\"vc_single_image-img \" src=\"https:\/\/www.centromedicohba.com.br\/site\/wp-content\/uploads\/2013\/04\/sem_imagem2.png\" width=\"251\" height=\"151\" alt=\"sem_imagem\" title=\"sem_imagem\" \/><\/div>\n\t\t<\/div>\n\t<\/div>\n\n\t<div class=\"wpb_text_column wpb_content_element \">\n\t\t<div class=\"wpb_wrapper\">\n\t\t\t<p><strong>Marg\u00f4<\/strong><br \/>\nRestaurante, Cafeteria<br \/>\nTelefone: 99123-8041<\/p>\n\n\t\t<\/div>\n\t<\/div>\n<\/div><\/div><\/div><div class=\"vc_row wpb_row vc_row-fluid\"><div class=\"wpb_column vc_column_container vc_col-sm-4\"><div class=\"wpb_wrapper\">\n\t<div class=\"wpb_single_image wpb_content_element vc_align_left\">\n\t\t<div class=\"wpb_wrapper\">\n\t\t\t\n\t\t\t<div class=\"vc_single_image-wrapper   vc_box_border_grey\"><img loading=\"lazy\" decoding=\"async\" class=\"vc_single_image-img \" src=\"https:\/\/www.centromedicohba.com.br\/site\/wp-content\/uploads\/2013\/04\/servicos_cafe.png\" width=\"251\" height=\"151\" alt=\"servicos_cafe\" title=\"servicos_cafe\" \/><\/div>\n\t\t<\/div>\n\t<\/div>\n\n\t<div class=\"wpb_text_column wpb_content_element \">\n\t\t<div class=\"wpb_wrapper\">\n\t\t\t<p><strong>Caf\u00e9 Vida<\/strong><br \/>\nRestaurante, Cafeteria<br \/>\nTelefone: 2109-2024 \/ 2025<\/p>\n\n\t\t<\/div>\n\t<\/div>\n<\/div><\/div><div class=\"wpb_column vc_column_container vc_col-sm-4\"><div class=\"wpb_wrapper\">\n\t<div class=\"wpb_single_image wpb_content_element vc_align_left\">\n\t\t<div class=\"wpb_wrapper\">\n\t\t\t\n\t\t\t<div class=\"vc_single_image-wrapper   vc_box_border_grey\"><img loading=\"lazy\" decoding=\"async\" class=\"vc_single_image-img \" src=\"https:\/\/www.centromedicohba.com.br\/site\/wp-content\/uploads\/2013\/04\/sem_imagem2.png\" width=\"251\" height=\"151\" alt=\"sem_imagem\" title=\"sem_imagem\" \/><\/div>\n\t\t<\/div>\n\t<\/div>\n\n\t<div class=\"wpb_text_column wpb_content_element \">\n\t\t<div class=\"wpb_wrapper\">\n\t\t\t<p><strong>O Sal\u00e3o<\/strong><br \/>\nInstituto de Beleza<br \/>\nTelefone: \u00a099710-5150<\/p>\n\n\t\t<\/div>\n\t<\/div>\n<\/div><\/div><div class=\"wpb_column vc_column_container vc_col-sm-4\"><div class=\"wpb_wrapper\">\n\t<div class=\"wpb_single_image wpb_content_element vc_align_left\">\n\t\t<div class=\"wpb_wrapper\">\n\t\t\t\n\t\t\t<div class=\"vc_single_image-wrapper   vc_box_border_grey\"><img loading=\"lazy\" decoding=\"async\" class=\"vc_single_image-img \" src=\"https:\/\/www.centromedicohba.com.br\/site\/wp-content\/uploads\/2013\/04\/sem_imagem2.png\" width=\"251\" height=\"151\" alt=\"sem_imagem\" title=\"sem_imagem\" \/><\/div>\n\t\t<\/div>\n\t<\/div>\n\n\t<div class=\"wpb_text_column wpb_content_element \">\n\t\t<div class=\"wpb_wrapper\">\n\t\t\t<p><strong>SEL Cuscuzeria<\/strong><br \/>\nRestaurante, Cafeteria<br \/>\nTelefone: 3492-7308<\/p>\n\n\t\t<\/div>\n\t<\/div>\n<\/div><\/div><\/div><div class=\"vc_row wpb_row vc_row-fluid\"><div class=\"wpb_column vc_column_container vc_col-sm-4\"><div class=\"wpb_wrapper\">\n\t<div class=\"wpb_single_image wpb_content_element vc_align_left\">\n\t\t<div class=\"wpb_wrapper\">\n\t\t\t\n\t\t\t<div class=\"vc_single_image-wrapper   vc_box_border_grey\"><img loading=\"lazy\" decoding=\"async\" class=\"vc_single_image-img \" src=\"https:\/\/www.centromedicohba.com.br\/site\/wp-content\/uploads\/2013\/04\/sem_imagem2.png\" width=\"251\" height=\"151\" alt=\"sem_imagem\" title=\"sem_imagem\" \/><\/div>\n\t\t<\/div>\n\t<\/div>\n\n\t<div class=\"wpb_text_column wpb_content_element \">\n\t\t<div class=\"wpb_wrapper\">\n\t\t\t<p><strong>\u00d3ticas Carol<\/strong><br \/>\n\u00d3tica<br \/>\nTelefone: 99331-5134<\/p>\n\n\t\t<\/div>\n\t<\/div>\n<\/div><\/div><\/div>\n","protected":false},"excerpt":{"rendered":"Espa\u00e7o M\u00e9dico Produtos\u00a0M\u00e9dicos\/Hospitalares Telefone:\u00a098317-3028 Fot\u00f3tica \u00d3tica Telefone: 3451-6040 Marg\u00f4 Restaurante, Cafeteria Telefone: 99123-8041 Caf\u00e9 Vida Restaurante, Cafeteria Telefone: 2109-2024 \/ 2025 O Sal\u00e3o Instituto de Beleza Telefone: \u00a099710-5150 SEL Cuscuzeria Restaurante, Cafeteria Telefone: 3492-7308 \u00d3ticas Carol \u00d3tica Telefone: 99331-5134","protected":false},"author":1,"featured_media":0,"parent":0,"menu_order":0,"comment_status":"open","ping_status":"closed","template":"","meta":{"footnotes":""},"class_list":["post-932","page","type-page","status-publish","hentry"],"_links":{"self":[{"href":"https:\/\/www.centromedicohba.com.br\/site\/wp-json\/wp\/v2\/pages\/932","targetHints":{"allow":["GET"]}}],"collection":[{"href":"https:\/\/www.centromedicohba.com.br\/site\/wp-json\/wp\/v2\/pages"}],"about":[{"href":"https:\/\/www.centromedicohba.com.br\/site\/wp-json\/wp\/v2\/types\/page"}],"author":[{"embeddable":true,"href":"https:\/\/www.centromedicohba.com.br\/site\/wp-json\/wp\/v2\/users\/1"}],"replies":[{"embeddable":true,"href":"https:\/\/www.centromedicohba.com.br\/site\/wp-json\/wp\/v2\/comments?post=932"}],"version-history":[{"count":32,"href":"https:\/\/www.centromedicohba.com.br\/site\/wp-json\/wp\/v2\/pages\/932\/revisions"}],"predecessor-version":[{"id":3512,"href":"https:\/\/www.centromedicohba.com.br\/site\/wp-json\/wp\/v2\/pages\/932\/revisions\/3512"}],"wp:attachment":[{"href":"https:\/\/www.centromedicohba.com.br\/site\/wp-json\/wp\/v2\/media?parent=932"}],"curies":[{"name":"wp","href":"https:\/\/api.w.org\/{rel}","templated":true}]}}